{"id":39,"date":"2017-03-07T10:36:02","date_gmt":"2017-03-07T09:36:02","guid":{"rendered":"https:\/\/glockenverein-neuenkirchen.de\/?page_id=39"},"modified":"2019-02-06T08:52:46","modified_gmt":"2019-02-06T07:52:46","slug":"pfarrhaus","status":"publish","type":"page","link":"https:\/\/glockenverein-neuenkirchen.de\/sv\/kirche-und-pfarrensemble\/pfarrhaus\/","title":{"rendered":"Pr\u00e4stg\u00e5rden"},"content":{"rendered":"<div class=\"wpb-content-wrapper\"><p>[vc_row][vc_column width=&#8221;1\/2&#8243;][vc_column_text]<\/p>\n<h3 style=\"text-align: justify;\">Ein historisches und lebendiges Haus<\/h3>\n<p style=\"text-align: justify;\">Das Pfarrhaus in Neuenkirchen hat eine wechselvolle und schicksalsreiche Geschichte. Ab 1650 wird nach mehrfacher Zerst\u00f6rung der hiesigen Pfarre w\u00e4hrend des 30-j\u00e4hrigen Krieges ein Bauernhaus aus Hanshagen nach Neuenkirchen \u00fcberf\u00fchrt und f\u00fcr die Zwecke des Pfarrers umgestaltet.<\/p>\n<p style=\"text-align: justify;\">Dieses vielfach umgebaute Haus erhielt 1781 einen Anbau, jenen Geb\u00e4udeteil, der heute den s\u00fcdlichen, kleineren Fl\u00fcgel des Pfarrhauses bildet. Der Anbau war n\u00f6tig geworden, weil der damalige Pastor Christian Gabriel Balthasar eine Studierstube und eine Kinderstube ben\u00f6tig<span style=\"font-size: 12.0pt;\">te.<\/span><\/p>\n<p style=\"text-align: justify;\">F\u00fcr 1811 wird die Gr\u00fcndung einer Erziehungsanstalt f\u00fcr Knaben, f\u00fcr das Jahr 1813 die Einquartierung schwedischer Obristen vermeldet. 1820 wird die Tochter <a href=\"https:\/\/glockenverein-neuenkirchen.de\/kirche-und-pfarrensemble\/persoenlichkeiten\/alwine-wuthenow\/\">Alwine<\/a>\u00a0in die Familie des Pastors Balthasar geboren.<\/p>\n<p>[\/vc_column_text][\/vc_column][vc_column width=&#8221;1\/2&#8243;][vc_single_image image=&#8221;399&#8243; img_size=&#8221;full&#8221; onclick=&#8221;link_image&#8221;][\/vc_column][\/vc_row][vc_row][vc_column][vc_column_text]<\/p>\n<p style=\"text-align: justify;\">Die Kirchenvisitation von 1829 ergab, dass die \u00e4ltere Nordseite bereits seit l\u00e4ngerer Zeit in desolatem Zustand war und baldiger Einsturz drohte. Superintendent Ziemssen war erstaunt und \u00e4rgerlich zugleich, weil er von dieser Situation bislang nichts erfahren hatte. Bereits im gleichen Jahr wurde der n\u00f6rdliche Trakt des Hauses abgebrochen und im Fr\u00fchjahr 1830 mit einem Neubau erg\u00e4nzt. Die Bauabnahme erfolgte im September des gleichen Jahres.<\/p>\n<p style=\"text-align: justify;\">Bereits 1861 wurde sein Zustand bereits wieder als schlecht beschrieben. Der damalige Vorschlag, das Rohrdach durch ein Ziegeldach zu ersetzen, wird von der Gemeinde abgelehnt, so dass das Haus heute noch das sp\u00e4tbarocke Erscheinungsbild seiner Ursprungsjahre bietet. Einige T\u00fcren und Beschl\u00e4ge aus der Bauphase 1781, so zeigte eine bau- und kunsthistorische Bestandsaufnahme im Jahr 2010, k\u00f6nnen im Haus noch nachgewiesen werden.<\/p>\n<p style=\"text-align: justify;\">Das Pfarrhaus war auch in seiner j\u00fcngeren Geschichte durch die Auswirkungen von Kriegen und Krisen direkt betroffen, so waren w\u00e4hrend des 1.\u00a0Weltkrieges ostpreussische Fl\u00fcchtlinge dort einquartiert. 1945 war es zun\u00e4chst Quartier sowjetischer Soldaten, anschlie\u00dfend fanden Vertriebene aus Hinterpommern hier ihre erste Wohnst\u00e4tte in der neuen Heimat.<\/p>\n<p>[\/vc_column_text][\/vc_column][\/vc_row][vc_row type=&#8221;vc_default&#8221; full_width=&#8221;stretch_row&#8221; bg_type=&#8221;image&#8221; parallax_style=&#8221;vcpb-default&#8221; bg_image_new=&#8221;id^124|url^http:\/\/https:\/\/glockenverein-neuenkirchen.de\/wp-content\/uploads\/2017\/03\/Pfarrhaus-glockenverein-neuenkirchen-greifswald-06.jpg|caption^Pfarrhaus-glockenverein-neuenkirchen-greifswald-06|alt^Pfarrhaus-glockenverein-neuenkirchen-greifswald-06|title^Pfarrhaus-glockenverein-neuenkirchen-greifswald-06|description^Pfarrhaus-glockenverein-neuenkirchen-greifswald-06&#8243; bg_image_repeat=&#8221;no-repeat&#8221; bg_img_attach=&#8221;fixed&#8221;][vc_column][vc_empty_space height=&#8221;450px&#8221;][\/vc_column][\/vc_row][vc_row][vc_column][vc_column_text]<\/p>\n<p style=\"text-align: justify;\">Von 1935 bis 1949 war <a href=\"https:\/\/glockenverein-neuenkirchen.de\/kirche-und-pfarrensemble\/persoenlichkeiten\/otto-haendler\/\">Otto Haendler<\/a> hier Pfarrer, in diese Zeit f\u00e4llt auch der Besuch Dietrich Bonhoeffers, der von 1935 bis 1937 dem Predigerseminar in Finkenwalde bei Stettin vorstand.<\/p>\n<p style=\"text-align: justify;\">Ab 1950 wurde das Haus als Wohn- und Gemeindehaus genutzt, es erfolgten kleinere Umbauten, z.B. der Einbau von B\u00e4dern. Eine grundlegende Sanierung musste wegen fehlender finanzieller Mittel unterbleiben. Seit 2005 wird das Haus nicht mehr f\u00fcr Wohnzwecke genutzt. Von den 600 Quadratmetern Wohnfl\u00e4che auf zwei Etagen wird nur der Teil im Erdgeschoss genutzt, auch weil sich die Fu\u00dfb\u00f6den im Obergeschoss aufgrund unsachgem\u00e4\u00dfer Reparaturen wellen.<\/p>\n<p style=\"text-align: justify;\">In den letzten Jahrzehnten wurden eine moderne K\u00fcche, eine neue Heizung sowie eine Toilettenanlage eingebaut. Die R\u00e4ume der vom Glockenverein eingerichteten <a href=\"https:\/\/glockenverein-neuenkirchen.de\/aktivitaeten\/dauerausstellung-im-pfarrhaus\/\">Dauerausstellung zu Thomas Thorild<\/a> konnten dank einer Spende der Schwedischen Akademie saniert werden. Das Rohrdach wurde in Teilen repariert, ist aber derzeit an verschiedenen Stellen undicht. Eine Notsicherung ist f\u00fcr den Sp\u00e4therbst 2017 geplant.<\/p>\n<p style=\"text-align: justify;\">Die denkmalpflegerische Zielstellung ist es, eine weitere Nutzung des Geb\u00e4udes\u00a0 bei gr\u00f6\u00dftm\u00f6glicher Sicherung wertvollen Bestandes zu erm\u00f6glichen. Hierf\u00fcr arbeiten wir und werben um <a href=\"https:\/\/glockenverein-neuenkirchen.de\/aktivitaeten\/hilfe-fuer-das-pfarrhaus\/\">Unterst\u00fctzung<\/a>.<\/p>\n<p>[\/vc_column_text][\/vc_column][\/vc_row][vc_row type=&#8221;1&#8243;][vc_column][vc_column_text]<span style=\"font-size: 10pt;\"><strong>Quellen:<\/strong><\/span><br \/>\n<span style=\"font-size: 10pt;\">Olschewski, Jana und Sibylle von Raven 2010: Das Pfarrhaus in Neuenkirchen. In: Pommern, Nr. 1\/2010, 20-23<\/span><br \/>\n<span style=\"font-size: 10pt;\">Aufzeichnungen von Niels D. M\u00fcller (2005)<\/span>[\/vc_column_text][vc_separator]<section class=\"items-grid wf-container\"><div class=\"wf-cell wf-1-3\"><article class=\"post-format-standard\"><div class=\"mini-post-img\"><a class=\"alignleft post-rollover layzr-bg\" href=\"https:\/\/glockenverein-neuenkirchen.de\/sv\/tag-des-offenen-denkmals-am-14-september-2025\/\" aria-label=\"Post image\"><img decoding=\"async\" class=\"preload-me lazy-load aspect\" src=\"data:image\/svg+xml,%3Csvg%20xmlns%3D&#39;http%3A%2F%2Fwww.w3.org%2F2000%2Fsvg&#39;%20viewBox%3D&#39;0%200%2060%2060&#39;%2F%3E\" data-src=\"https:\/\/glockenverein-neuenkirchen.de\/wp-content\/uploads\/2025\/08\/tdod-2025-60x60.jpg\" data-srcset=\"https:\/\/glockenverein-neuenkirchen.de\/wp-content\/uploads\/2025\/08\/tdod-2025-60x60.jpg 60w, https:\/\/glockenverein-neuenkirchen.de\/wp-content\/uploads\/2025\/08\/tdod-2025-120x120.jpg 120w\" loading=\"eager\" style=\"--ratio: 60 \/ 60\" sizes=\"(max-width: 60px) 100vw, 60px\" width=\"60\" height=\"60\"  alt=\"\" \/><\/a><\/div><div class=\"post-content\"><a href=\"https:\/\/glockenverein-neuenkirchen.de\/sv\/tag-des-offenen-denkmals-am-14-september-2025\/\">Tag des offenen Denkmals am 14. September 2025<\/a><br \/><time class=\"text-secondary\" datetime=\"2025-08-21T18:42:55+00:00\">21. augusti 2025<\/time><\/div><\/article><\/div><div class=\"wf-cell wf-1-3\"><article class=\"post-format-standard\"><div class=\"mini-post-img\"><a class=\"alignleft post-rollover layzr-bg\" href=\"https:\/\/glockenverein-neuenkirchen.de\/sv\/altes-pfarrhaus-neuenkirchen-erhielt-notdach\/\" aria-label=\"Post image\"><img decoding=\"async\" class=\"preload-me lazy-load aspect\" src=\"data:image\/svg+xml,%3Csvg%20xmlns%3D&#39;http%3A%2F%2Fwww.w3.org%2F2000%2Fsvg&#39;%20viewBox%3D&#39;0%200%2060%2060&#39;%2F%3E\" data-src=\"https:\/\/glockenverein-neuenkirchen.de\/wp-content\/uploads\/2025\/08\/notdach-august-2025-2-60x60.jpg\" data-srcset=\"https:\/\/glockenverein-neuenkirchen.de\/wp-content\/uploads\/2025\/08\/notdach-august-2025-2-60x60.jpg 60w, https:\/\/glockenverein-neuenkirchen.de\/wp-content\/uploads\/2025\/08\/notdach-august-2025-2-120x120.jpg 120w\" loading=\"eager\" style=\"--ratio: 60 \/ 60\" sizes=\"(max-width: 60px) 100vw, 60px\" width=\"60\" height=\"60\"  alt=\"\" \/><\/a><\/div><div class=\"post-content\"><a href=\"https:\/\/glockenverein-neuenkirchen.de\/sv\/altes-pfarrhaus-neuenkirchen-erhielt-notdach\/\">Altes Pfarrhaus Neuenkirchen erhielt Notdach<\/a><br \/><time class=\"text-secondary\" datetime=\"2025-08-18T18:16:04+00:00\">18. augusti 2025<\/time><\/div><\/article><\/div><div class=\"wf-cell wf-1-3\"><article class=\"post-format-standard\"><div class=\"mini-post-img\"><a class=\"alignleft post-rollover layzr-bg\" href=\"https:\/\/glockenverein-neuenkirchen.de\/sv\/rettet-das-alte-pfarrhausdach-ein-spendenaufruf\/\" aria-label=\"Post image\"><img decoding=\"async\" class=\"preload-me lazy-load aspect\" src=\"data:image\/svg+xml,%3Csvg%20xmlns%3D&#39;http%3A%2F%2Fwww.w3.org%2F2000%2Fsvg&#39;%20viewBox%3D&#39;0%200%2060%2060&#39;%2F%3E\" data-src=\"https:\/\/glockenverein-neuenkirchen.de\/wp-content\/uploads\/2025\/05\/dach-pfarrhaus-2024-60x60.jpg\" data-srcset=\"https:\/\/glockenverein-neuenkirchen.de\/wp-content\/uploads\/2025\/05\/dach-pfarrhaus-2024-60x60.jpg 60w, https:\/\/glockenverein-neuenkirchen.de\/wp-content\/uploads\/2025\/05\/dach-pfarrhaus-2024-120x120.jpg 120w\" loading=\"eager\" style=\"--ratio: 60 \/ 60\" sizes=\"(max-width: 60px) 100vw, 60px\" width=\"60\" height=\"60\"  alt=\"\" \/><\/a><\/div><div class=\"post-content\"><a href=\"https:\/\/glockenverein-neuenkirchen.de\/sv\/rettet-das-alte-pfarrhausdach-ein-spendenaufruf\/\">Rettet das alte Pfarrhausdach \u2013 ein Spendenaufruf<\/a><br \/><time class=\"text-secondary\" datetime=\"2025-05-09T06:41:02+00:00\">9. maj 2025<\/time><\/div><\/article><\/div><div class=\"wf-cell wf-1-3\"><article class=\"post-format-standard\"><div class=\"mini-post-img\"><a class=\"alignleft post-rollover layzr-bg\" href=\"https:\/\/glockenverein-neuenkirchen.de\/sv\/benefizkonzert-am-26-04-2025-in-der-kirche\/\" aria-label=\"Post image\"><img decoding=\"async\" class=\"preload-me lazy-load aspect\" src=\"data:image\/svg+xml,%3Csvg%20xmlns%3D&#39;http%3A%2F%2Fwww.w3.org%2F2000%2Fsvg&#39;%20viewBox%3D&#39;0%200%2060%2060&#39;%2F%3E\" data-src=\"https:\/\/glockenverein-neuenkirchen.de\/wp-content\/uploads\/2025\/04\/violine-60x60.jpg\" data-srcset=\"https:\/\/glockenverein-neuenkirchen.de\/wp-content\/uploads\/2025\/04\/violine-60x60.jpg 60w, https:\/\/glockenverein-neuenkirchen.de\/wp-content\/uploads\/2025\/04\/violine-120x120.jpg 120w\" loading=\"eager\" style=\"--ratio: 60 \/ 60\" sizes=\"(max-width: 60px) 100vw, 60px\" width=\"60\" height=\"60\"  alt=\"\" \/><\/a><\/div><div class=\"post-content\"><a href=\"https:\/\/glockenverein-neuenkirchen.de\/sv\/benefizkonzert-am-26-04-2025-in-der-kirche\/\">Benefizkonzert am 26.04.2025 in der Kirche<\/a><br \/><time class=\"text-secondary\" datetime=\"2025-04-12T18:00:17+00:00\">12. april 2025<\/time><\/div><\/article><\/div><div class=\"wf-cell wf-1-3\"><article class=\"post-format-standard\"><div class=\"mini-post-img\"><a class=\"alignleft post-rollover layzr-bg\" href=\"https:\/\/glockenverein-neuenkirchen.de\/sv\/malwettbewerb-und-siebdruck-zum-mitmachen\/\" aria-label=\"Post image\"><img decoding=\"async\" class=\"preload-me lazy-load aspect\" src=\"data:image\/svg+xml,%3Csvg%20xmlns%3D&#39;http%3A%2F%2Fwww.w3.org%2F2000%2Fsvg&#39;%20viewBox%3D&#39;0%200%2060%2060&#39;%2F%3E\" data-src=\"https:\/\/glockenverein-neuenkirchen.de\/wp-content\/uploads\/2025\/04\/malwettbewerb-60x60.jpg\" data-srcset=\"https:\/\/glockenverein-neuenkirchen.de\/wp-content\/uploads\/2025\/04\/malwettbewerb-60x60.jpg 60w, https:\/\/glockenverein-neuenkirchen.de\/wp-content\/uploads\/2025\/04\/malwettbewerb-120x120.jpg 120w\" loading=\"eager\" style=\"--ratio: 60 \/ 60\" sizes=\"(max-width: 60px) 100vw, 60px\" width=\"60\" height=\"60\"  alt=\"\" \/><\/a><\/div><div class=\"post-content\"><a href=\"https:\/\/glockenverein-neuenkirchen.de\/sv\/malwettbewerb-und-siebdruck-zum-mitmachen\/\">Malwettbewerb und Siebdruck zum Mitmachen am 26. April 2025<\/a><br \/><time class=\"text-secondary\" datetime=\"2025-04-10T07:00:30+00:00\">10. april 2025<\/time><\/div><\/article><\/div><div class=\"wf-cell wf-1-3\"><article class=\"post-format-standard\"><div class=\"mini-post-img\"><a class=\"alignleft post-rollover layzr-bg\" href=\"https:\/\/glockenverein-neuenkirchen.de\/sv\/20-jubilaeum-des-glockenvereins-am-26-und-27-april-2025\/\" aria-label=\"Post image\"><img decoding=\"async\" class=\"preload-me lazy-load aspect\" src=\"data:image\/svg+xml,%3Csvg%20xmlns%3D&#39;http%3A%2F%2Fwww.w3.org%2F2000%2Fsvg&#39;%20viewBox%3D&#39;0%200%2060%2060&#39;%2F%3E\" data-src=\"https:\/\/glockenverein-neuenkirchen.de\/wp-content\/uploads\/2015\/10\/Altes_Pfarrhaus_Rueckseite_2018-60x60.jpg\" data-srcset=\"https:\/\/glockenverein-neuenkirchen.de\/wp-content\/uploads\/2015\/10\/Altes_Pfarrhaus_Rueckseite_2018-60x60.jpg 60w, https:\/\/glockenverein-neuenkirchen.de\/wp-content\/uploads\/2015\/10\/Altes_Pfarrhaus_Rueckseite_2018-120x120.jpg 120w\" loading=\"eager\" style=\"--ratio: 60 \/ 60\" sizes=\"(max-width: 60px) 100vw, 60px\" width=\"60\" height=\"60\"  alt=\"\" \/><\/a><\/div><div class=\"post-content\"><a href=\"https:\/\/glockenverein-neuenkirchen.de\/sv\/20-jubilaeum-des-glockenvereins-am-26-und-27-april-2025\/\">20. Jubil\u00e4um des Glockenvereins am 26. und 27. April 2025<\/a><br \/><time class=\"text-secondary\" datetime=\"2025-04-08T18:44:36+00:00\">8. april 2025<\/time><\/div><\/article><\/div><\/section>[\/vc_column][\/vc_row]<\/p><\/div>","protected":false},"excerpt":{"rendered":"<p>[vc_row][vc_column width=&#8221;1\/2&#8243;][vc_column_text] Ein historisches und lebendiges Haus Das Pfarrhaus in Neuenkirchen hat eine wechselvolle und schicksalsreiche Geschichte. Ab 1650 wird nach mehrfacher Zerst\u00f6rung der hiesigen Pfarre w\u00e4hrend des 30-j\u00e4hrigen Krieges ein Bauernhaus aus Hanshagen nach Neuenkirchen \u00fcberf\u00fchrt und f\u00fcr die Zwecke des Pfarrers umgestaltet. Dieses vielfach umgebaute Haus erhielt 1781 einen Anbau, jenen Geb\u00e4udeteil, der&hellip;<\/p>\n","protected":false},"author":1,"featured_media":0,"parent":31,"menu_order":4,"comment_status":"closed","ping_status":"closed","template":"","meta":{"footnotes":""},"class_list":["post-39","page","type-page","status-publish","hentry","description-off"],"_links":{"self":[{"href":"https:\/\/glockenverein-neuenkirchen.de\/sv\/wp-json\/wp\/v2\/pages\/39","targetHints":{"allow":["GET"]}}],"collection":[{"href":"https:\/\/glockenverein-neuenkirchen.de\/sv\/wp-json\/wp\/v2\/pages"}],"about":[{"href":"https:\/\/glockenverein-neuenkirchen.de\/sv\/wp-json\/wp\/v2\/types\/page"}],"author":[{"embeddable":true,"href":"https:\/\/glockenverein-neuenkirchen.de\/sv\/wp-json\/wp\/v2\/users\/1"}],"replies":[{"embeddable":true,"href":"https:\/\/glockenverein-neuenkirchen.de\/sv\/wp-json\/wp\/v2\/comments?post=39"}],"version-history":[{"count":0,"href":"https:\/\/glockenverein-neuenkirchen.de\/sv\/wp-json\/wp\/v2\/pages\/39\/revisions"}],"up":[{"embeddable":true,"href":"https:\/\/glockenverein-neuenkirchen.de\/sv\/wp-json\/wp\/v2\/pages\/31"}],"wp:attachment":[{"href":"https:\/\/glockenverein-neuenkirchen.de\/sv\/wp-json\/wp\/v2\/media?parent=39"}],"curies":[{"name":"wp","href":"https:\/\/api.w.org\/{rel}","templated":true}]}}